{"id":5569,"date":"2024-12-03T08:44:21","date_gmt":"2024-12-03T08:44:21","guid":{"rendered":"https:\/\/quantrue.com\/politica-de-privacidad\/"},"modified":"2025-09-02T10:52:10","modified_gmt":"2025-09-02T10:52:10","slug":"politica-de-privacidad","status":"publish","type":"page","link":"https:\/\/quantrue.com\/es\/politica-de-privacidad\/","title":{"rendered":"Privacidad"},"content":{"rendered":"\t\t<div data-elementor-type=\"wp-page\" data-elementor-id=\"5569\" class=\"elementor elementor-5569 elementor-4914\" data-elementor-post-type=\"page\">\n\t\t\t\t<div class=\"elementor-element elementor-element-be3fdfc e-con-full e-flex e-con e-parent\" data-id=\"be3fdfc\" data-element_type=\"container\" data-e-type=\"container\" data-settings=\"{&quot;position&quot;:&quot;fixed&quot;,&quot;background_background&quot;:&quot;classic&quot;}\">\n\t\t\t\t<\/div>\n\t\t<div class=\"elementor-element elementor-element-dcc5933 e-flex e-con-boxed e-con e-parent\" data-id=\"dcc5933\" data-element_type=\"container\" data-e-type=\"container\" data-settings=\"{&quot;motion_fx_motion_fx_scrolling&quot;:&quot;yes&quot;,&quot;motion_fx_devices&quot;:[&quot;desktop&quot;,&quot;tablet&quot;,&quot;mobile&quot;]}\">\n\t\t\t\t\t<div class=\"e-con-inner\">\n\t\t\t\t<div class=\"elementor-element elementor-element-a9a7f98 elementor-hidden-mobile elementor-widget__width-inherit elementor-absolute elementor-widget elementor-widget-image\" data-id=\"a9a7f98\" data-element_type=\"widget\" data-e-type=\"widget\" data-settings=\"{&quot;motion_fx_motion_fx_mouse&quot;:&quot;yes&quot;,&quot;motion_fx_mouseTrack_effect&quot;:&quot;yes&quot;,&quot;motion_fx_mouseTrack_direction&quot;:&quot;negative&quot;,&quot;motion_fx_mouseTrack_speed&quot;:{&quot;unit&quot;:&quot;px&quot;,&quot;size&quot;:0.3,&quot;sizes&quot;:[]},&quot;motion_fx_tilt_effect&quot;:&quot;yes&quot;,&quot;_position&quot;:&quot;absolute&quot;,&quot;motion_fx_tilt_speed&quot;:{&quot;unit&quot;:&quot;px&quot;,&quot;size&quot;:4,&quot;sizes&quot;:[]}}\" data-widget_type=\"image.default\">\n\t\t\t\t<div class=\"elementor-widget-container\">\n\t\t\t\t\t\t\t\t\t\t\t\t\t\t\t<img fetchpriority=\"high\" decoding=\"async\" width=\"314\" height=\"480\" src=\"https:\/\/quantrue.com\/wp-content\/uploads\/2024\/08\/SIMBOLO-QUANTRUE-TRANS.png\" class=\"attachment-large size-large wp-image-5505\" alt=\"\" srcset=\"https:\/\/quantrue.com\/wp-content\/uploads\/2024\/08\/SIMBOLO-QUANTRUE-TRANS.png 314w, https:\/\/quantrue.com\/wp-content\/uploads\/2024\/08\/SIMBOLO-QUANTRUE-TRANS-196x300.png 196w\" sizes=\"(max-width: 314px) 100vw, 314px\" \/>\t\t\t\t\t\t\t\t\t\t\t\t\t\t\t<\/div>\n\t\t\t\t<\/div>\n\t\t\t\t<div class=\"elementor-element elementor-element-d894395 elementor-widget elementor-widget-heading\" data-id=\"d894395\" data-element_type=\"widget\" data-e-type=\"widget\" data-widget_type=\"heading.default\">\n\t\t\t\t<div class=\"elementor-widget-container\">\n\t\t\t\t\t<h2 class=\"elementor-heading-title elementor-size-default\">POL\u00cdTICA DE PRIVACIDAD<\/h2>\t\t\t\t<\/div>\n\t\t\t\t<\/div>\n\t\t<div class=\"elementor-element elementor-element-358a2c8 e-con-full glassMorf  expertise e-flex e-con e-child\" data-id=\"358a2c8\" data-element_type=\"container\" data-e-type=\"container\" data-settings=\"{&quot;motion_fx_motion_fx_scrolling&quot;:&quot;yes&quot;,&quot;motion_fx_devices&quot;:[&quot;desktop&quot;,&quot;tablet&quot;,&quot;mobile&quot;]}\">\n\t\t\t\t<div class=\"elementor-element elementor-element-2ba33c6 elementor-widget elementor-widget-text-editor\" data-id=\"2ba33c6\" data-element_type=\"widget\" data-e-type=\"widget\" data-widget_type=\"text-editor.default\">\n\t\t\t\t<div class=\"elementor-widget-container\">\n\t\t\t\t\t\t\t\t\t<h2>Controlador de datos<\/h2><p>La empresa responsable del tratamiento de sus datos en virtud de la presente Pol\u00edtica de Privacidad es:<\/p><ul><li><strong>Nombre de la empresa:<\/strong> QUANTRUE SL<\/li><li><strong>NIF:<\/strong> B56258007<\/li><li><strong>Direcci\u00f3n:<\/strong> AV CATALUNYA, 24 1 08290 CERDANYOLA DEL VALL\u00c8S<\/li><li><strong>Email:<\/strong> <a href=\"mailto:contact@quantrue.com\">contact@quantrue.com<\/a><\/li><li><strong>Web:<\/strong> <a href=\"https:\/\/quantrue.com\/es\/\" target=\"_blank\" rel=\"noopener\">quantrue.com<\/a><\/li><li><strong>Tel\u00e9fono:<\/strong> 722455537<\/li><li><span style=\"font-style: inherit; font-weight: inherit;\"><strong>Inscrita en el Registro Mercantil de Barcelona: <\/strong>Tomo\u00a048922, folio 169,\u00a0hoja B 601166, inscripci\u00f3n 1.<\/span><\/li><\/ul><p>En QUANTRUE SL reconocemos la importancia de proteger su informaci\u00f3n personal y nos comprometemos a tratarla de forma responsable y conforme a la legislaci\u00f3n de protecci\u00f3n de datos.<\/p><p>El objetivo de esta pol\u00edtica de privacidad es regular todos los aspectos relativos al tratamiento de los datos de los diferentes usuarios que navegan por el sitio web o facilitan sus datos personales a trav\u00e9s de los distintos formularios que en \u00e9l se encuentran.<\/p><h2>Datos personales<\/h2><p>Los Datos Personales son la informaci\u00f3n que le identifica o puede identificarle. A trav\u00e9s del sitio web, en los espacios habilitados para ello, se recogen los datos personales que el Usuario nos facilita: nombre, apellidos, correo electr\u00f3nico, tel\u00e9fono, c\u00f3digo postal, ciudad, etc. Adem\u00e1s, se recogen todos los datos personales que el Usuario facilita voluntariamente a trav\u00e9s de cualquiera de las redes sociales en las que est\u00e9 registrado. En este caso, la configuraci\u00f3n de privacidad depender\u00e1 tanto de la configuraci\u00f3n que el Usuario haya establecido como de los t\u00e9rminos y condiciones de la propia red social.<br \/>Cuando un usuario visita el sitio web, esto no implica que deba facilitar ning\u00fan dato personal. No obstante, si se facilitan dichos datos, se tratar\u00e1n de forma l\u00edcita y siempre sujet\u00e1ndose a los principios y derechos contenidos en el RGPD 2016\/679 del 27 de abril de 2016 y en la LOPDGDD 3\/2018 del 5 de diciembre.<\/p><h2>Finalidad, duraci\u00f3n y legitimidad del tratamiento<\/h2><p>Tratamos los datos facilitados por el usuario para los siguientes fines:<\/p><ul><li>Atender la solicitud o consulta realizada a trav\u00e9s del formulario de contacto del sitio web. Recogemos y tratamos los datos personales para poder gestionar y responder a la solicitud, consulta o petici\u00f3n realizada mediante dicho formulario. Conservaremos estos datos durante el tiempo necesario para atender la solicitud y durante el plazo legalmente establecido, con una duraci\u00f3n m\u00ednima de 3 a\u00f1os. La base legal para el tratamiento es el consentimiento otorgado por el usuario al marcar la casilla de aceptaci\u00f3n de nuestra pol\u00edtica de privacidad antes de enviar la solicitud. El usuario tiene derecho a revocar su consentimiento en cualquier momento, sin que ello afecte a la licitud del tratamiento basado en el consentimiento previo a su retirada.<\/li><li>Mejorar la experiencia del usuario durante la navegaci\u00f3n por el sitio web. Conservaremos estos datos mientras el usuario no revoque su consentimiento mediante la eliminaci\u00f3n de las cookies, durante el plazo establecido por la ley y con una duraci\u00f3n m\u00ednima de 3 a\u00f1os. La base legal para esta finalidad es el consentimiento otorgado por el usuario al aceptar las cookies. El usuario tiene derecho a revocar su consentimiento en cualquier momento, sin que ello afecte a la licitud del tratamiento basado en el consentimiento previo a su retirada.<\/li><\/ul><h2>Cesi\u00f3n o comunicaci\u00f3n de datos personales y transferencias internacionales:<\/h2><p>Sus datos no ser\u00e1n cedidos ni comunicados a terceros, salvo obligaci\u00f3n legal, o a proveedores de servicios vinculados con el Responsable del Tratamiento que act\u00faen como encargados del tratamiento.<br \/>Nuestros servidores est\u00e1n ubicados dentro de la Uni\u00f3n Europea y, generalmente, contamos con proveedores de servicios situados dentro del Espacio Econ\u00f3mico Europeo o en pa\u00edses que cuentan con un nivel adecuado de protecci\u00f3n de datos.<\/p><p>Si necesitamos usar proveedores que realicen tratamientos fuera de la Uni\u00f3n Europea o en pa\u00edses que no han sido reconocidos con un nivel adecuado de protecci\u00f3n, garantizaremos que sus datos se procesen de forma segura y leg\u00edtima en base a decisiones de adecuaci\u00f3n, cl\u00e1usulas tipo de protecci\u00f3n de datos, normas corporativas vinculantes, excepciones u otro instrumento aprobado por la autoridad supervisora que ofrezca garant\u00edas adecuadas para la transferencia internacional de datos.<\/p><h2>Actualizaci\u00f3n de datos<\/h2><p>Para que podamos mantener sus datos personales actualizados, el usuario debe informarnos siempre de cualquier cambio en dichos datos; de no hacerlo, no podemos garantizar la veracidad de la informaci\u00f3n.<br \/>El usuario garantiza que los datos personales proporcionados son verdaderos y que toda la informaci\u00f3n facilitada corresponde a la realidad, est\u00e1 actualizada y es precisa. Est\u00e1 obligado a comunicar cualquier modificaci\u00f3n.<\/p><h2>Datos de terceros<\/h2><p>Si el usuario facilita datos de terceros a QUANTRUE SL para cualquier finalidad, garantiza que ha obtenido estos datos legalmente, ha informado previamente a las personas afectadas, ha obtenido su consentimiento para comunicarlos y que la informaci\u00f3n facilitada es veraz y cierta.<\/p><h2>Car\u00e1cter obligatorio de la informaci\u00f3n solicitada<\/h2><p>Todos nuestros formularios indican con un asterisco (*) los datos obligatorios. Si el usuario no completa estos campos o no acepta la pol\u00edtica de privacidad, la informaci\u00f3n no ser\u00e1 enviada.<\/p><h2>Derechos de los interesados<\/h2><p><span style=\"font-size: 16px;\">Usted tiene derecho a acceder a sus datos y obtener confirmaci\u00f3n sobre su tratamiento, as\u00ed como a una copia de los datos personales tratados. Tiene derecho a actualizarlos y solicitar la rectificaci\u00f3n de datos inexactos o la supresi\u00f3n de los mismos cuando no sean necesarios para los fines para los que fueron recogidos. Puede solicitar la limitaci\u00f3n del tratamiento y oponerse al mismo revocando su consentimiento, y tambi\u00e9n ejercer su derecho a la portabilidad de los datos. Asimismo, tiene derecho a no ser objeto de decisiones basadas \u00fanicamente en el tratamiento automatizado de sus datos personales. Puede ejercer sus derechos contact\u00e1ndonos en contact@quantrue.com Si considera que sus derechos no han sido respetados, puede presentar una reclamaci\u00f3n ante la Agencia Espa\u00f1ola de Protecci\u00f3n de Datos <\/span><a href=\"https:\/\/www.aepd.es\" target=\"_blank\" rel=\"noopener\">www.aepd.es<\/a><span style=\"font-size: 16px;\">.<\/span><\/p><h2>Tratamiento de datos de menores<\/h2><p>Quien facilite datos a trav\u00e9s de los formularios de este sitio web y acepte su tratamiento declara tener al menos 14 a\u00f1os. El acceso y uso del sitio web est\u00e1 prohibido para menores de 14 a\u00f1os. Si en alg\u00fan momento el Responsable detecta que un menor de 14 a\u00f1os ha facilitado datos personales, procederemos a cancelar dichos datos. Adem\u00e1s, los padres o tutores podr\u00e1n dirigirse a QUANTRUE SL para bloquear cualquier cuenta creada por menores a su cargo que se haya registrado mediante falsificaci\u00f3n de identidad.<\/p><p><span style=\"color: var(--ast-global-color-2); font-size: 1.875rem; font-style: inherit; font-weight: 600; font-family: var( --e-global-typography-text-font-family ), Sans-serif; text-align: var(--text-align);\">Redes sociales<\/span><\/p><p>El objetivo de herramientas sociales como Facebook, Twitter, Instagram, etc., o de otras redes sociales, es dar visibilidad y difusi\u00f3n a las actividades que se realizan en nuestra organizaci\u00f3n. Estas herramientas almacenan datos personales en los servidores de los respectivos servicios y se rigen por su propia pol\u00edtica de privacidad. Se recomienda revisar y leer las condiciones de uso y la pol\u00edtica de privacidad de la red social en el momento del registro, teniendo en cuenta las distintas posibilidades de configuraci\u00f3n respecto a la privacidad del perfil del usuario en la red social. Adem\u00e1s, el Responsable se reserva el derecho de borrar de sus redes sociales cualquier informaci\u00f3n publicada por terceros que vulneren la legalidad, inciten a su infracci\u00f3n o contengan mensajes que vulneren la dignidad humana o las instituciones. Asimismo, el Responsable se reserva el derecho a bloquear o denunciar el perfil del autor de dichos contenidos.<\/p><h2>Cookies<\/h2><p>Una cookie es un peque\u00f1o archivo que se descarga y almacena en el equipo del usuario cuando accede a una p\u00e1gina web. Las cookies permiten al sitio web, entre otras cosas, almacenar y recuperar informaci\u00f3n sobre los h\u00e1bitos de navegaci\u00f3n del usuario o de su equipo y, dependiendo de la informaci\u00f3n que contengan y de la forma en que use su equipo, pueden ser utilizadas para reconocer al usuario.<br \/>El usuario tiene la opci\u00f3n de impedir la generaci\u00f3n de cookies seleccionando la correspondiente opci\u00f3n en su programa de navegador.<\/p><p>Puede obtener m\u00e1s informaci\u00f3n leyendo nuestra <a href=\"\/cookies-policy\">Pol\u00edtica de Cookies<\/a>.<\/p>\t\t\t\t\t\t\t\t<\/div>\n\t\t\t\t<\/div>\n\t\t\t\t<\/div>\n\t\t\t\t\t<\/div>\n\t\t\t\t<\/div>\n\t\t\t\t<\/div>\n\t\t","protected":false},"excerpt":{"rendered":"<p>POL\u00cdTICA DE PRIVACIDAD Controlador de datos La empresa responsable del tratamiento de sus datos en virtud de la presente Pol\u00edtica [&hellip;]<\/p>\n","protected":false},"author":1,"featured_media":0,"parent":0,"menu_order":0,"comment_status":"closed","ping_status":"closed","template":"","meta":{"site-sidebar-layout":"no-sidebar","site-content-layout":"","ast-site-content-layout":"full-width-container","site-content-style":"default","site-sidebar-style":"default","ast-global-header-display":"","ast-banner-title-visibility":"","ast-main-header-display":"","ast-hfb-above-header-display":"","ast-hfb-below-header-display":"","ast-hfb-mobile-header-display":"","site-post-title":"disabled","ast-breadcrumbs-content":"","ast-featured-img":"disabled","footer-sml-layout":"","ast-disable-related-posts":"","theme-transparent-header-meta":"","adv-header-id-meta":"","stick-header-meta":"","header-above-stick-meta":"","header-main-stick-meta":"","header-below-stick-meta":"","astra-migrate-meta-layouts":"default","ast-page-background-enabled":"default","ast-page-background-meta":{"desktop":{"background-color":"var(--ast-global-color-4)","background-image":"","background-repeat":"repeat","background-position":"center center","background-size":"auto","background-attachment":"scroll","background-type":"","background-media":"","overlay-type":"","overlay-color":"","overlay-opacity":"","overlay-gradient":""},"tablet":{"background-color":"","background-image":"","background-repeat":"repeat","background-position":"center center","background-size":"auto","background-attachment":"scroll","background-type":"","background-media":"","overlay-type":"","overlay-color":"","overlay-opacity":"","overlay-gradient":""},"mobile":{"background-color":"","background-image":"","background-repeat":"repeat","background-position":"center center","background-size":"auto","background-attachment":"scroll","background-type":"","background-media":"","overlay-type":"","overlay-color":"","overlay-opacity":"","overlay-gradient":""}},"ast-content-background-meta":{"desktop":{"background-color":"var(--ast-global-color-5)","background-image":"","background-repeat":"repeat","background-position":"center center","background-size":"auto","background-attachment":"scroll","background-type":"","background-media":"","overlay-type":"","overlay-color":"","overlay-opacity":"","overlay-gradient":""},"tablet":{"background-color":"var(--ast-global-color-5)","background-image":"","background-repeat":"repeat","background-position":"center center","background-size":"auto","background-attachment":"scroll","background-type":"","background-media":"","overlay-type":"","overlay-color":"","overlay-opacity":"","overlay-gradient":""},"mobile":{"background-color":"var(--ast-global-color-5)","background-image":"","background-repeat":"repeat","background-position":"center center","background-size":"auto","background-attachment":"scroll","background-type":"","background-media":"","overlay-type":"","overlay-color":"","overlay-opacity":"","overlay-gradient":""}},"footnotes":""},"class_list":["post-5569","page","type-page","status-publish","hentry"],"yoast_head":"<!-- This site is optimized with the Yoast SEO plugin v27.5 - https:\/\/yoast.com\/product\/yoast-seo-wordpress\/ -->\n<title>Privacidad - Quantrue<\/title>\n<meta name=\"robots\" content=\"index, follow, max-snippet:-1, max-image-preview:large, max-video-preview:-1\" \/>\n<link rel=\"canonical\" href=\"https:\/\/quantrue.com\/es\/politica-de-privacidad\/\" \/>\n<meta property=\"og:locale\" content=\"es_ES\" \/>\n<meta property=\"og:type\" content=\"article\" \/>\n<meta property=\"og:title\" content=\"Privacidad - Quantrue\" \/>\n<meta property=\"og:description\" content=\"POL\u00cdTICA DE PRIVACIDAD Controlador de datos La empresa responsable del tratamiento de sus datos en virtud de la presente Pol\u00edtica [&hellip;]\" \/>\n<meta property=\"og:url\" content=\"https:\/\/quantrue.com\/es\/politica-de-privacidad\/\" \/>\n<meta property=\"og:site_name\" content=\"Quantrue\" \/>\n<meta property=\"article:modified_time\" content=\"2025-09-02T10:52:10+00:00\" \/>\n<meta property=\"og:image\" content=\"https:\/\/quantrue.com\/wp-content\/uploads\/2024\/08\/SIMBOLO-QUANTRUE-TRANS.png\" \/>\n\t<meta property=\"og:image:width\" content=\"314\" \/>\n\t<meta property=\"og:image:height\" content=\"480\" \/>\n\t<meta property=\"og:image:type\" content=\"image\/png\" \/>\n<meta name=\"twitter:card\" content=\"summary_large_image\" \/>\n<meta name=\"twitter:label1\" content=\"Tiempo de lectura\" \/>\n\t<meta name=\"twitter:data1\" content=\"7 minutos\" \/>\n<script type=\"application\/ld+json\" class=\"yoast-schema-graph\">{\"@context\":\"https:\\\/\\\/schema.org\",\"@graph\":[{\"@type\":\"WebPage\",\"@id\":\"https:\\\/\\\/quantrue.com\\\/es\\\/politica-de-privacidad\\\/\",\"url\":\"https:\\\/\\\/quantrue.com\\\/es\\\/politica-de-privacidad\\\/\",\"name\":\"Privacidad - Quantrue\",\"isPartOf\":{\"@id\":\"https:\\\/\\\/quantrue.com\\\/es\\\/#website\"},\"primaryImageOfPage\":{\"@id\":\"https:\\\/\\\/quantrue.com\\\/es\\\/politica-de-privacidad\\\/#primaryimage\"},\"image\":{\"@id\":\"https:\\\/\\\/quantrue.com\\\/es\\\/politica-de-privacidad\\\/#primaryimage\"},\"thumbnailUrl\":\"https:\\\/\\\/quantrue.com\\\/wp-content\\\/uploads\\\/2024\\\/08\\\/SIMBOLO-QUANTRUE-TRANS.png\",\"datePublished\":\"2024-12-03T08:44:21+00:00\",\"dateModified\":\"2025-09-02T10:52:10+00:00\",\"breadcrumb\":{\"@id\":\"https:\\\/\\\/quantrue.com\\\/es\\\/politica-de-privacidad\\\/#breadcrumb\"},\"inLanguage\":\"es\",\"potentialAction\":[{\"@type\":\"ReadAction\",\"target\":[\"https:\\\/\\\/quantrue.com\\\/es\\\/politica-de-privacidad\\\/\"]}]},{\"@type\":\"ImageObject\",\"inLanguage\":\"es\",\"@id\":\"https:\\\/\\\/quantrue.com\\\/es\\\/politica-de-privacidad\\\/#primaryimage\",\"url\":\"https:\\\/\\\/quantrue.com\\\/wp-content\\\/uploads\\\/2024\\\/08\\\/SIMBOLO-QUANTRUE-TRANS.png\",\"contentUrl\":\"https:\\\/\\\/quantrue.com\\\/wp-content\\\/uploads\\\/2024\\\/08\\\/SIMBOLO-QUANTRUE-TRANS.png\"},{\"@type\":\"BreadcrumbList\",\"@id\":\"https:\\\/\\\/quantrue.com\\\/es\\\/politica-de-privacidad\\\/#breadcrumb\",\"itemListElement\":[{\"@type\":\"ListItem\",\"position\":1,\"name\":\"Home\",\"item\":\"https:\\\/\\\/quantrue.com\\\/es\\\/inicio\\\/\"},{\"@type\":\"ListItem\",\"position\":2,\"name\":\"Privacidad\"}]},{\"@type\":\"WebSite\",\"@id\":\"https:\\\/\\\/quantrue.com\\\/es\\\/#website\",\"url\":\"https:\\\/\\\/quantrue.com\\\/es\\\/\",\"name\":\"Quantrue\",\"description\":\"\",\"potentialAction\":[{\"@type\":\"SearchAction\",\"target\":{\"@type\":\"EntryPoint\",\"urlTemplate\":\"https:\\\/\\\/quantrue.com\\\/es\\\/?s={search_term_string}\"},\"query-input\":{\"@type\":\"PropertyValueSpecification\",\"valueRequired\":true,\"valueName\":\"search_term_string\"}}],\"inLanguage\":\"es\"}]}<\/script>\n<!-- \/ Yoast SEO plugin. -->","yoast_head_json":{"title":"Privacidad - Quantrue","robots":{"index":"index","follow":"follow","max-snippet":"max-snippet:-1","max-image-preview":"max-image-preview:large","max-video-preview":"max-video-preview:-1"},"canonical":"https:\/\/quantrue.com\/es\/politica-de-privacidad\/","og_locale":"es_ES","og_type":"article","og_title":"Privacidad - Quantrue","og_description":"POL\u00cdTICA DE PRIVACIDAD Controlador de datos La empresa responsable del tratamiento de sus datos en virtud de la presente Pol\u00edtica [&hellip;]","og_url":"https:\/\/quantrue.com\/es\/politica-de-privacidad\/","og_site_name":"Quantrue","article_modified_time":"2025-09-02T10:52:10+00:00","og_image":[{"width":314,"height":480,"url":"https:\/\/quantrue.com\/wp-content\/uploads\/2024\/08\/SIMBOLO-QUANTRUE-TRANS.png","type":"image\/png"}],"twitter_card":"summary_large_image","twitter_misc":{"Tiempo de lectura":"7 minutos"},"schema":{"@context":"https:\/\/schema.org","@graph":[{"@type":"WebPage","@id":"https:\/\/quantrue.com\/es\/politica-de-privacidad\/","url":"https:\/\/quantrue.com\/es\/politica-de-privacidad\/","name":"Privacidad - Quantrue","isPartOf":{"@id":"https:\/\/quantrue.com\/es\/#website"},"primaryImageOfPage":{"@id":"https:\/\/quantrue.com\/es\/politica-de-privacidad\/#primaryimage"},"image":{"@id":"https:\/\/quantrue.com\/es\/politica-de-privacidad\/#primaryimage"},"thumbnailUrl":"https:\/\/quantrue.com\/wp-content\/uploads\/2024\/08\/SIMBOLO-QUANTRUE-TRANS.png","datePublished":"2024-12-03T08:44:21+00:00","dateModified":"2025-09-02T10:52:10+00:00","breadcrumb":{"@id":"https:\/\/quantrue.com\/es\/politica-de-privacidad\/#breadcrumb"},"inLanguage":"es","potentialAction":[{"@type":"ReadAction","target":["https:\/\/quantrue.com\/es\/politica-de-privacidad\/"]}]},{"@type":"ImageObject","inLanguage":"es","@id":"https:\/\/quantrue.com\/es\/politica-de-privacidad\/#primaryimage","url":"https:\/\/quantrue.com\/wp-content\/uploads\/2024\/08\/SIMBOLO-QUANTRUE-TRANS.png","contentUrl":"https:\/\/quantrue.com\/wp-content\/uploads\/2024\/08\/SIMBOLO-QUANTRUE-TRANS.png"},{"@type":"BreadcrumbList","@id":"https:\/\/quantrue.com\/es\/politica-de-privacidad\/#breadcrumb","itemListElement":[{"@type":"ListItem","position":1,"name":"Home","item":"https:\/\/quantrue.com\/es\/inicio\/"},{"@type":"ListItem","position":2,"name":"Privacidad"}]},{"@type":"WebSite","@id":"https:\/\/quantrue.com\/es\/#website","url":"https:\/\/quantrue.com\/es\/","name":"Quantrue","description":"","potentialAction":[{"@type":"SearchAction","target":{"@type":"EntryPoint","urlTemplate":"https:\/\/quantrue.com\/es\/?s={search_term_string}"},"query-input":{"@type":"PropertyValueSpecification","valueRequired":true,"valueName":"search_term_string"}}],"inLanguage":"es"}]}},"_links":{"self":[{"href":"https:\/\/quantrue.com\/es\/wp-json\/wp\/v2\/pages\/5569","targetHints":{"allow":["GET"]}}],"collection":[{"href":"https:\/\/quantrue.com\/es\/wp-json\/wp\/v2\/pages"}],"about":[{"href":"https:\/\/quantrue.com\/es\/wp-json\/wp\/v2\/types\/page"}],"author":[{"embeddable":true,"href":"https:\/\/quantrue.com\/es\/wp-json\/wp\/v2\/users\/1"}],"replies":[{"embeddable":true,"href":"https:\/\/quantrue.com\/es\/wp-json\/wp\/v2\/comments?post=5569"}],"version-history":[{"count":15,"href":"https:\/\/quantrue.com\/es\/wp-json\/wp\/v2\/pages\/5569\/revisions"}],"predecessor-version":[{"id":6120,"href":"https:\/\/quantrue.com\/es\/wp-json\/wp\/v2\/pages\/5569\/revisions\/6120"}],"wp:attachment":[{"href":"https:\/\/quantrue.com\/es\/wp-json\/wp\/v2\/media?parent=5569"}],"curies":[{"name":"wp","href":"https:\/\/api.w.org\/{rel}","templated":true}]}}