{"id":5555,"date":"2024-12-03T08:59:38","date_gmt":"2024-12-03T08:59:38","guid":{"rendered":"https:\/\/quantrue.com\/aviso-legal\/"},"modified":"2025-09-02T10:46:36","modified_gmt":"2025-09-02T10:46:36","slug":"aviso-legal","status":"publish","type":"page","link":"https:\/\/quantrue.com\/es\/aviso-legal\/","title":{"rendered":"Aviso legal"},"content":{"rendered":"\t\t<div data-elementor-type=\"wp-page\" data-elementor-id=\"5555\" class=\"elementor elementor-5555 elementor-4932\" data-elementor-post-type=\"page\">\n\t\t\t\t<div class=\"elementor-element elementor-element-2b366e9 e-con-full e-flex e-con e-parent\" data-id=\"2b366e9\" data-element_type=\"container\" data-e-type=\"container\" data-settings=\"{&quot;position&quot;:&quot;fixed&quot;,&quot;background_background&quot;:&quot;classic&quot;}\">\n\t\t\t\t<\/div>\n\t\t<div class=\"elementor-element elementor-element-84b9b51 e-flex e-con-boxed e-con e-parent\" data-id=\"84b9b51\" data-element_type=\"container\" data-e-type=\"container\" data-settings=\"{&quot;motion_fx_motion_fx_scrolling&quot;:&quot;yes&quot;,&quot;motion_fx_devices&quot;:[&quot;desktop&quot;,&quot;tablet&quot;,&quot;mobile&quot;]}\">\n\t\t\t\t\t<div class=\"e-con-inner\">\n\t\t\t\t<div class=\"elementor-element elementor-element-ff02c9b elementor-hidden-mobile elementor-widget__width-inherit elementor-absolute elementor-widget elementor-widget-image\" data-id=\"ff02c9b\" data-element_type=\"widget\" data-e-type=\"widget\" data-settings=\"{&quot;motion_fx_motion_fx_mouse&quot;:&quot;yes&quot;,&quot;motion_fx_mouseTrack_effect&quot;:&quot;yes&quot;,&quot;motion_fx_mouseTrack_direction&quot;:&quot;negative&quot;,&quot;motion_fx_mouseTrack_speed&quot;:{&quot;unit&quot;:&quot;px&quot;,&quot;size&quot;:0.3,&quot;sizes&quot;:[]},&quot;motion_fx_tilt_effect&quot;:&quot;yes&quot;,&quot;_position&quot;:&quot;absolute&quot;,&quot;motion_fx_tilt_speed&quot;:{&quot;unit&quot;:&quot;px&quot;,&quot;size&quot;:4,&quot;sizes&quot;:[]}}\" data-widget_type=\"image.default\">\n\t\t\t\t<div class=\"elementor-widget-container\">\n\t\t\t\t\t\t\t\t\t\t\t\t\t\t\t<img fetchpriority=\"high\" decoding=\"async\" width=\"314\" height=\"480\" src=\"https:\/\/quantrue.com\/wp-content\/uploads\/2024\/08\/SIMBOLO-QUANTRUE-TRANS.png\" class=\"attachment-large size-large wp-image-5505\" alt=\"\" srcset=\"https:\/\/quantrue.com\/wp-content\/uploads\/2024\/08\/SIMBOLO-QUANTRUE-TRANS.png 314w, https:\/\/quantrue.com\/wp-content\/uploads\/2024\/08\/SIMBOLO-QUANTRUE-TRANS-196x300.png 196w\" sizes=\"(max-width: 314px) 100vw, 314px\" \/>\t\t\t\t\t\t\t\t\t\t\t\t\t\t\t<\/div>\n\t\t\t\t<\/div>\n\t\t\t\t<div class=\"elementor-element elementor-element-7740f81 elementor-widget elementor-widget-heading\" data-id=\"7740f81\" data-element_type=\"widget\" data-e-type=\"widget\" data-widget_type=\"heading.default\">\n\t\t\t\t<div class=\"elementor-widget-container\">\n\t\t\t\t\t<h2 class=\"elementor-heading-title elementor-size-default\">AVISO LEGAL<\/h2>\t\t\t\t<\/div>\n\t\t\t\t<\/div>\n\t\t<div class=\"elementor-element elementor-element-6d7825c e-con-full glassMorf  expertise e-flex e-con e-child\" data-id=\"6d7825c\" data-element_type=\"container\" data-e-type=\"container\" data-settings=\"{&quot;motion_fx_motion_fx_scrolling&quot;:&quot;yes&quot;,&quot;motion_fx_devices&quot;:[&quot;desktop&quot;,&quot;tablet&quot;,&quot;mobile&quot;]}\">\n\t\t\t\t<div class=\"elementor-element elementor-element-2ba33c6 elementor-widget elementor-widget-text-editor\" data-id=\"2ba33c6\" data-element_type=\"widget\" data-e-type=\"widget\" data-widget_type=\"text-editor.default\">\n\t\t\t\t<div class=\"elementor-widget-container\">\n\t\t\t\t\t\t\t\t\t<h2>LEY DE SERVICIOS DE LA SOCIEDAD DE LA INFORMACI\u00d3N (LSSI)<\/h2><p>QUANTRUE SL, responsable del sitio web, en adelante RESPONSABLE, pone a disposici\u00f3n de los usuarios el presente documento con el que pretende dar cumplimiento a las obligaciones dispuestas en la Ley 34\/2002, de 11 de julio, de Servicios de la Sociedad de la Informaci\u00f3n y del Comercio Electr\u00f3nico (LSSICE), BOE n\u00fam. 166, as\u00ed como informar a todos los usuarios del sitio web respecto a cu\u00e1les son las condiciones de uso del mismo.<\/p><p>Toda persona que acceda a este sitio web asume el papel de usuario, comprometi\u00e9ndose a la observancia y cumplimiento riguroso de las disposiciones aqu\u00ed dispuestas, as\u00ed como a cualesquiera otra disposici\u00f3n legal que fuera de aplicaci\u00f3n.<\/p><p>QUANTRUE SL se reserva el derecho a modificar cualquier tipo de informaci\u00f3n que pudiera aparecer en el sitio web, sin que exista obligaci\u00f3n de preavisar o poner en conocimiento de los usuarios dichas obligaciones. Se entender\u00e1 como suficiente con la publicaci\u00f3n en el sitio web de QUANTRUE SL.<\/p><h2>1. DATOS DE IDENTIFICACI\u00d3N<\/h2><ul><li><strong>Nombre de dominio:<\/strong> quantrue.com<\/li><li><strong>Nombre comercial:<\/strong> Quantrue<\/li><li><strong>Nombre corporativo:<\/strong> QUANTRUE SL<\/li><li><strong>NIF:<\/strong> B56258007<\/li><li><strong>Domicilio social:<\/strong> AV CATALUNYA, 24 1 08290 CERDANYOLA DEL VALL\u00c8S<\/li><li><strong>Tel\u00e9fono:<\/strong> 722455537<\/li><li><strong>Email:<\/strong> contact@quantrue.com<\/li><li><strong>Inscrita en el Registro Mercantil de Barcelona: <\/strong>Tomo\u00a048922, folio 169,\u00a0hoja B 601166, inscripci\u00f3n 1.<br \/><br \/><\/li><\/ul><h2>2. DERECHOS DE PROPIEDAD INTELECTUAL E INDUSTRIAL<\/h2><p>El sitio web, incluyendo a t\u00edtulo enunciativo pero no limitativo su programaci\u00f3n, edici\u00f3n, compilaci\u00f3n y dem\u00e1s elementos necesarios para su funcionamiento, los dise\u00f1os, logotipos, texto y\/o gr\u00e1ficos son propiedad del RESPONSABLE o en su caso dispone de licencia o autorizaci\u00f3n expresa por parte de los autores. Todos los contenidos del sitio web se encuentran protegidos por la normativa de propiedad intelectual e industrial, as\u00ed como inscritos en los registros p\u00fablicos correspondientes.<\/p><p>Independientemente de la finalidad para la que fueran destinados, la reproducci\u00f3n total o parcial, uso, explotaci\u00f3n, distribuci\u00f3n y comercializaci\u00f3n, requiere en todo caso de la autorizaci\u00f3n escrita previa por parte del RESPONSABLE. El uso no autorizado se considerar\u00e1 una infracci\u00f3n grave de los derechos de propiedad intelectual o industrial del autor.<\/p><p>Los dise\u00f1os, logotipos, texto y\/o gr\u00e1ficos ajenos al RESPONSABLE y que pudieran aparecer en el sitio web, pertenecen a sus respectivos propietarios, siendo ellos mismos responsables de cualquier posible controversia que pudiera suscitarse respecto a los mismos. El RESPONSABLE autoriza expresamente a que terceros puedan redirigir directamente a los contenidos concretos del sitio web o al sitio principal quantrue.avannubo.net\/.<\/p><p>El RESPONSABLE reconoce a favor de sus titulares los correspondientes derechos de propiedad industrial e intelectual. La mera menci\u00f3n o aparici\u00f3n de tales derechos en el sitio web no implica la titularidad, responsabilidad, respaldo, patrocinio o recomendaci\u00f3n por parte del RESPONSABLE.<\/p><p>Para realizar cualquier tipo de observaci\u00f3n respecto a posibles incumplimientos de los derechos de propiedad intelectual o industrial, as\u00ed como sobre los contenidos del sitio web, puede hacerlo a trav\u00e9s del correo electr\u00f3nico <a href=\"mailto:contact@quantrue.com\">contact@quantrue.com<\/a>.<\/p><h2>3. EXENCI\u00d3N DE RESPONSABILIDAD<\/h2><p>El RESPONSABLE se exime de cualquier tipo de responsabilidad derivada de la informaci\u00f3n publicada en su sitio web que haya sido manipulada o introducida por un tercero ajeno al mismo.<\/p><h3>Uso de cookies<\/h3><p>Este sitio web puede utilizar cookies t\u00e9cnicas (peque\u00f1os archivos de informaci\u00f3n que el servidor env\u00eda al ordenador de quien accede a la p\u00e1gina) para llevar a cabo determinadas funciones necesarias para el correcto funcionamiento y visualizaci\u00f3n del sitio. Estas cookies tienen car\u00e1cter temporal y desaparecen al terminar la sesi\u00f3n del usuario. No proporcionan datos personales y no se utilizar\u00e1n para recoger dichos datos.<\/p><p>Las cookies tambi\u00e9n pueden utilizarse para reconocer el navegador del usuario y facilitar la navegaci\u00f3n, permitiendo el acceso a \u00e1reas o funciones espec\u00edficas sin necesidad de iniciar sesi\u00f3n repetidamente. Las cookies tambi\u00e9n pueden medir la audiencia, los par\u00e1metros de tr\u00e1fico y las entradas. Estas cookies no se instalar\u00e1n sin el consentimiento previo del usuario.<\/p><p>El usuario tiene la posibilidad de configurar su navegador para ser avisado de la recepci\u00f3n de cookies y para impedir su instalaci\u00f3n. Por favor, consulte las instrucciones de su navegador para ampliar esta informaci\u00f3n.<\/p><h3>Pol\u00edtica de enlaces<\/h3><p>El sitio web puede redirigir a contenidos de terceros. Dado que el RESPONSABLE no puede controlar siempre los contenidos introducidos por los terceros en sus sitios web, \u00e9ste no asume ning\u00fan tipo de responsabilidad respecto a dichos contenidos. Cualquier contenido que contravenga la ley, la moral o el orden p\u00fablico ser\u00e1 retirado de inmediato, poniendo en conocimiento de las autoridades competentes el contenido en cuesti\u00f3n.<\/p><p>El RESPONSABLE no se hace responsable de los contenidos generados por los usuarios que se publiquen de forma independiente en el sitio web a trav\u00e9s de foros, chats, blogs, comentarios, redes sociales o medios similares. No obstante, en cumplimiento de lo dispuesto en los art\u00edculos 11 y 16 de la LSSICE, el RESPONSABLE colabora activamente con las autoridades para retirar o bloquear aquellos contenidos que puedan contravenir la ley, los derechos de terceros o la moral p\u00fablica. Se ruega a los usuarios que notifiquen al administrador del sitio web cualquier contenido de este tipo.<\/p><p>Este sitio web ha sido probado para que funcione correctamente las 24 horas del d\u00eda, los 365 d\u00edas del a\u00f1o. No obstante, el RESPONSABLE no descarta la posibilidad de que existan ciertos errores de programaci\u00f3n, causas de fuerza mayor, cat\u00e1strofes naturales, huelgas, o circunstancias semejantes que hagan imposible el acceso a la p\u00e1gina web.<\/p><h3>Direcciones IP<\/h3><p>Los servidores del sitio web pueden detectar autom\u00e1ticamente la direcci\u00f3n IP y el nombre de dominio utilizados por el usuario. Esta informaci\u00f3n se registra en un archivo de actividad del servidor para generar mediciones estad\u00edsticas, como impresiones de p\u00e1ginas, recuento de visitas y puntos de acceso.<\/p><h2>4. LEY APLICABLE Y JURISDICCI\u00d3N<\/h2><p>Para toda controversia o conflicto relativo a la interpretaci\u00f3n de los textos legales o a los servicios prestados en este sitio web, ser\u00e1 de aplicaci\u00f3n la legislaci\u00f3n espa\u00f1ola.<\/p><p><strong>Last update:<\/strong> 04\/08\/2025<\/p>\t\t\t\t\t\t\t\t<\/div>\n\t\t\t\t<\/div>\n\t\t\t\t<\/div>\n\t\t\t\t\t<\/div>\n\t\t\t\t<\/div>\n\t\t\t\t<\/div>\n\t\t","protected":false},"excerpt":{"rendered":"<p>AVISO LEGAL LEY DE SERVICIOS DE LA SOCIEDAD DE LA INFORMACI\u00d3N (LSSI) QUANTRUE SL, responsable del sitio web, en adelante [&hellip;]<\/p>\n","protected":false},"author":1,"featured_media":0,"parent":0,"menu_order":0,"comment_status":"closed","ping_status":"closed","template":"","meta":{"site-sidebar-layout":"no-sidebar","site-content-layout":"","ast-site-content-layout":"full-width-container","site-content-style":"default","site-sidebar-style":"default","ast-global-header-display":"","ast-banner-title-visibility":"","ast-main-header-display":"","ast-hfb-above-header-display":"","ast-hfb-below-header-display":"","ast-hfb-mobile-header-display":"","site-post-title":"disabled","ast-breadcrumbs-content":"","ast-featured-img":"disabled","footer-sml-layout":"","ast-disable-related-posts":"","theme-transparent-header-meta":"","adv-header-id-meta":"","stick-header-meta":"","header-above-stick-meta":"","header-main-stick-meta":"","header-below-stick-meta":"","astra-migrate-meta-layouts":"default","ast-page-background-enabled":"default","ast-page-background-meta":{"desktop":{"background-color":"var(--ast-global-color-4)","background-image":"","background-repeat":"repeat","background-position":"center center","background-size":"auto","background-attachment":"scroll","background-type":"","background-media":"","overlay-type":"","overlay-color":"","overlay-opacity":"","overlay-gradient":""},"tablet":{"background-color":"","background-image":"","background-repeat":"repeat","background-position":"center center","background-size":"auto","background-attachment":"scroll","background-type":"","background-media":"","overlay-type":"","overlay-color":"","overlay-opacity":"","overlay-gradient":""},"mobile":{"background-color":"","background-image":"","background-repeat":"repeat","background-position":"center center","background-size":"auto","background-attachment":"scroll","background-type":"","background-media":"","overlay-type":"","overlay-color":"","overlay-opacity":"","overlay-gradient":""}},"ast-content-background-meta":{"desktop":{"background-color":"var(--ast-global-color-5)","background-image":"","background-repeat":"repeat","background-position":"center center","background-size":"auto","background-attachment":"scroll","background-type":"","background-media":"","overlay-type":"","overlay-color":"","overlay-opacity":"","overlay-gradient":""},"tablet":{"background-color":"var(--ast-global-color-5)","background-image":"","background-repeat":"repeat","background-position":"center center","background-size":"auto","background-attachment":"scroll","background-type":"","background-media":"","overlay-type":"","overlay-color":"","overlay-opacity":"","overlay-gradient":""},"mobile":{"background-color":"var(--ast-global-color-5)","background-image":"","background-repeat":"repeat","background-position":"center center","background-size":"auto","background-attachment":"scroll","background-type":"","background-media":"","overlay-type":"","overlay-color":"","overlay-opacity":"","overlay-gradient":""}},"footnotes":""},"class_list":["post-5555","page","type-page","status-publish","hentry"],"yoast_head":"<!-- This site is optimized with the Yoast SEO plugin v27.5 - https:\/\/yoast.com\/product\/yoast-seo-wordpress\/ -->\n<title>Aviso legal - Quantrue<\/title>\n<meta name=\"robots\" content=\"index, follow, max-snippet:-1, max-image-preview:large, max-video-preview:-1\" \/>\n<link rel=\"canonical\" href=\"https:\/\/quantrue.com\/es\/aviso-legal\/\" \/>\n<meta property=\"og:locale\" content=\"es_ES\" \/>\n<meta property=\"og:type\" content=\"article\" \/>\n<meta property=\"og:title\" content=\"Aviso legal - Quantrue\" \/>\n<meta property=\"og:description\" content=\"AVISO LEGAL LEY DE SERVICIOS DE LA SOCIEDAD DE LA INFORMACI\u00d3N (LSSI) QUANTRUE SL, responsable del sitio web, en adelante [&hellip;]\" \/>\n<meta property=\"og:url\" content=\"https:\/\/quantrue.com\/es\/aviso-legal\/\" \/>\n<meta property=\"og:site_name\" content=\"Quantrue\" \/>\n<meta property=\"article:modified_time\" content=\"2025-09-02T10:46:36+00:00\" \/>\n<meta property=\"og:image\" content=\"https:\/\/quantrue.com\/wp-content\/uploads\/2024\/08\/SIMBOLO-QUANTRUE-TRANS.png\" \/>\n\t<meta property=\"og:image:width\" content=\"314\" \/>\n\t<meta property=\"og:image:height\" content=\"480\" \/>\n\t<meta property=\"og:image:type\" content=\"image\/png\" \/>\n<meta name=\"twitter:card\" content=\"summary_large_image\" \/>\n<meta name=\"twitter:label1\" content=\"Tiempo de lectura\" \/>\n\t<meta name=\"twitter:data1\" content=\"5 minutos\" \/>\n<script type=\"application\/ld+json\" class=\"yoast-schema-graph\">{\"@context\":\"https:\\\/\\\/schema.org\",\"@graph\":[{\"@type\":\"WebPage\",\"@id\":\"https:\\\/\\\/quantrue.com\\\/es\\\/aviso-legal\\\/\",\"url\":\"https:\\\/\\\/quantrue.com\\\/es\\\/aviso-legal\\\/\",\"name\":\"Aviso legal - Quantrue\",\"isPartOf\":{\"@id\":\"https:\\\/\\\/quantrue.com\\\/es\\\/#website\"},\"primaryImageOfPage\":{\"@id\":\"https:\\\/\\\/quantrue.com\\\/es\\\/aviso-legal\\\/#primaryimage\"},\"image\":{\"@id\":\"https:\\\/\\\/quantrue.com\\\/es\\\/aviso-legal\\\/#primaryimage\"},\"thumbnailUrl\":\"https:\\\/\\\/quantrue.com\\\/wp-content\\\/uploads\\\/2024\\\/08\\\/SIMBOLO-QUANTRUE-TRANS.png\",\"datePublished\":\"2024-12-03T08:59:38+00:00\",\"dateModified\":\"2025-09-02T10:46:36+00:00\",\"breadcrumb\":{\"@id\":\"https:\\\/\\\/quantrue.com\\\/es\\\/aviso-legal\\\/#breadcrumb\"},\"inLanguage\":\"es\",\"potentialAction\":[{\"@type\":\"ReadAction\",\"target\":[\"https:\\\/\\\/quantrue.com\\\/es\\\/aviso-legal\\\/\"]}]},{\"@type\":\"ImageObject\",\"inLanguage\":\"es\",\"@id\":\"https:\\\/\\\/quantrue.com\\\/es\\\/aviso-legal\\\/#primaryimage\",\"url\":\"https:\\\/\\\/quantrue.com\\\/wp-content\\\/uploads\\\/2024\\\/08\\\/SIMBOLO-QUANTRUE-TRANS.png\",\"contentUrl\":\"https:\\\/\\\/quantrue.com\\\/wp-content\\\/uploads\\\/2024\\\/08\\\/SIMBOLO-QUANTRUE-TRANS.png\"},{\"@type\":\"BreadcrumbList\",\"@id\":\"https:\\\/\\\/quantrue.com\\\/es\\\/aviso-legal\\\/#breadcrumb\",\"itemListElement\":[{\"@type\":\"ListItem\",\"position\":1,\"name\":\"Home\",\"item\":\"https:\\\/\\\/quantrue.com\\\/es\\\/inicio\\\/\"},{\"@type\":\"ListItem\",\"position\":2,\"name\":\"Aviso legal\"}]},{\"@type\":\"WebSite\",\"@id\":\"https:\\\/\\\/quantrue.com\\\/es\\\/#website\",\"url\":\"https:\\\/\\\/quantrue.com\\\/es\\\/\",\"name\":\"Quantrue\",\"description\":\"\",\"potentialAction\":[{\"@type\":\"SearchAction\",\"target\":{\"@type\":\"EntryPoint\",\"urlTemplate\":\"https:\\\/\\\/quantrue.com\\\/es\\\/?s={search_term_string}\"},\"query-input\":{\"@type\":\"PropertyValueSpecification\",\"valueRequired\":true,\"valueName\":\"search_term_string\"}}],\"inLanguage\":\"es\"}]}<\/script>\n<!-- \/ Yoast SEO plugin. -->","yoast_head_json":{"title":"Aviso legal - Quantrue","robots":{"index":"index","follow":"follow","max-snippet":"max-snippet:-1","max-image-preview":"max-image-preview:large","max-video-preview":"max-video-preview:-1"},"canonical":"https:\/\/quantrue.com\/es\/aviso-legal\/","og_locale":"es_ES","og_type":"article","og_title":"Aviso legal - Quantrue","og_description":"AVISO LEGAL LEY DE SERVICIOS DE LA SOCIEDAD DE LA INFORMACI\u00d3N (LSSI) QUANTRUE SL, responsable del sitio web, en adelante [&hellip;]","og_url":"https:\/\/quantrue.com\/es\/aviso-legal\/","og_site_name":"Quantrue","article_modified_time":"2025-09-02T10:46:36+00:00","og_image":[{"width":314,"height":480,"url":"https:\/\/quantrue.com\/wp-content\/uploads\/2024\/08\/SIMBOLO-QUANTRUE-TRANS.png","type":"image\/png"}],"twitter_card":"summary_large_image","twitter_misc":{"Tiempo de lectura":"5 minutos"},"schema":{"@context":"https:\/\/schema.org","@graph":[{"@type":"WebPage","@id":"https:\/\/quantrue.com\/es\/aviso-legal\/","url":"https:\/\/quantrue.com\/es\/aviso-legal\/","name":"Aviso legal - Quantrue","isPartOf":{"@id":"https:\/\/quantrue.com\/es\/#website"},"primaryImageOfPage":{"@id":"https:\/\/quantrue.com\/es\/aviso-legal\/#primaryimage"},"image":{"@id":"https:\/\/quantrue.com\/es\/aviso-legal\/#primaryimage"},"thumbnailUrl":"https:\/\/quantrue.com\/wp-content\/uploads\/2024\/08\/SIMBOLO-QUANTRUE-TRANS.png","datePublished":"2024-12-03T08:59:38+00:00","dateModified":"2025-09-02T10:46:36+00:00","breadcrumb":{"@id":"https:\/\/quantrue.com\/es\/aviso-legal\/#breadcrumb"},"inLanguage":"es","potentialAction":[{"@type":"ReadAction","target":["https:\/\/quantrue.com\/es\/aviso-legal\/"]}]},{"@type":"ImageObject","inLanguage":"es","@id":"https:\/\/quantrue.com\/es\/aviso-legal\/#primaryimage","url":"https:\/\/quantrue.com\/wp-content\/uploads\/2024\/08\/SIMBOLO-QUANTRUE-TRANS.png","contentUrl":"https:\/\/quantrue.com\/wp-content\/uploads\/2024\/08\/SIMBOLO-QUANTRUE-TRANS.png"},{"@type":"BreadcrumbList","@id":"https:\/\/quantrue.com\/es\/aviso-legal\/#breadcrumb","itemListElement":[{"@type":"ListItem","position":1,"name":"Home","item":"https:\/\/quantrue.com\/es\/inicio\/"},{"@type":"ListItem","position":2,"name":"Aviso legal"}]},{"@type":"WebSite","@id":"https:\/\/quantrue.com\/es\/#website","url":"https:\/\/quantrue.com\/es\/","name":"Quantrue","description":"","potentialAction":[{"@type":"SearchAction","target":{"@type":"EntryPoint","urlTemplate":"https:\/\/quantrue.com\/es\/?s={search_term_string}"},"query-input":{"@type":"PropertyValueSpecification","valueRequired":true,"valueName":"search_term_string"}}],"inLanguage":"es"}]}},"_links":{"self":[{"href":"https:\/\/quantrue.com\/es\/wp-json\/wp\/v2\/pages\/5555","targetHints":{"allow":["GET"]}}],"collection":[{"href":"https:\/\/quantrue.com\/es\/wp-json\/wp\/v2\/pages"}],"about":[{"href":"https:\/\/quantrue.com\/es\/wp-json\/wp\/v2\/types\/page"}],"author":[{"embeddable":true,"href":"https:\/\/quantrue.com\/es\/wp-json\/wp\/v2\/users\/1"}],"replies":[{"embeddable":true,"href":"https:\/\/quantrue.com\/es\/wp-json\/wp\/v2\/comments?post=5555"}],"version-history":[{"count":8,"href":"https:\/\/quantrue.com\/es\/wp-json\/wp\/v2\/pages\/5555\/revisions"}],"predecessor-version":[{"id":6111,"href":"https:\/\/quantrue.com\/es\/wp-json\/wp\/v2\/pages\/5555\/revisions\/6111"}],"wp:attachment":[{"href":"https:\/\/quantrue.com\/es\/wp-json\/wp\/v2\/media?parent=5555"}],"curies":[{"name":"wp","href":"https:\/\/api.w.org\/{rel}","templated":true}]}}